{"id":17,"date":"2022-08-09T13:20:30","date_gmt":"2022-08-09T17:20:30","guid":{"rendered":"https:\/\/wbcollective.dev\/explore\/?page_id=17"},"modified":"2024-12-16T10:23:21","modified_gmt":"2024-12-16T13:23:21","slug":"inicio","status":"publish","type":"page","link":"https:\/\/www.sagrin.com\/","title":{"rendered":"Bienvenido a Sagrin"},"content":{"rendered":"<div class=\"gb-container gb-container-9842a29d alignfull\">\n<div class=\"n2_clear\"><ss3-force-full-width data-overflow-x=\"body\" data-horizontal-selector=\"html\"><div class=\"n2-section-smartslider fitvidsignore  n2_clear\" data-ssid=\"8\"><div id=\"n2-ss-8-align\" class=\"n2-ss-align\"><div class=\"n2-padding\"><div id=\"n2-ss-8\" data-creator=\"Smart Slider 3\" data-responsive=\"fullwidth\" class=\"n2-ss-slider n2-ow n2-has-hover n2notransition  \"><div class=\"n2-ss-slider-wrapper-inside\">\n        <div class=\"n2-ss-slider-1 n2_ss__touch_element n2-ow\">\n            <div class=\"n2-ss-slider-2 n2-ow\">\n                                                <div class=\"n2-ss-slider-3 n2-ow\">\n\n                    <div class=\"n2-ss-slide-backgrounds n2-ow-all\"><div class=\"n2-ss-slide-background\" data-public-id=\"1\" data-mode=\"stretch\"><div class=\"n2-ss-slide-background-image\" data-blur=\"0\" data-opacity=\"100\" data-x=\"50\" data-y=\"50\" data-alt=\"\" data-title=\"\"><picture class=\"skip-lazy\" data-skip-lazy=\"1\"><img decoding=\"async\" src=\"https:\/\/www.sagrin.com\/wp-content\/uploads\/slider\/cache\/5e547e9c5a1de4675603f55954a4b409\/SAGRIN.jpg\" alt=\"\" title=\"\" loading=\"lazy\" class=\"skip-lazy\" data-skip-lazy=\"1\"><\/picture><\/div><div data-color=\"RGBA(255,255,255,0)\" style=\"background-color: RGBA(255,255,255,0);\" class=\"n2-ss-slide-background-color\" data-overlay=\"1\"><\/div><\/div><div class=\"n2-ss-slide-background\" data-public-id=\"2\" data-mode=\"stretch\" aria-hidden=\"true\"><div class=\"n2-ss-slide-background-image\" data-blur=\"0\" data-opacity=\"100\" data-x=\"50\" data-y=\"50\" data-alt=\"\" data-title=\"\"><picture class=\"skip-lazy\" data-skip-lazy=\"1\"><img decoding=\"async\" src=\"https:\/\/www.sagrin.com\/wp-content\/uploads\/slider\/cache\/5747d763a4b91dd6e7ed7b36fb4f2d26\/ABSORBEX.jpg\" alt=\"\" title=\"\" loading=\"lazy\" class=\"skip-lazy\" data-skip-lazy=\"1\"><\/picture><\/div><div data-color=\"RGBA(255,255,255,0)\" style=\"background-color: RGBA(255,255,255,0);\" class=\"n2-ss-slide-background-color\"><\/div><\/div><div class=\"n2-ss-slide-background\" data-public-id=\"3\" data-mode=\"stretch\" aria-hidden=\"true\"><div class=\"n2-ss-slide-background-image\" data-blur=\"0\" data-opacity=\"100\" data-x=\"5\" data-y=\"59\" data-alt=\"\" data-title=\"\" style=\"--ss-o-pos-x:5%;--ss-o-pos-y:59%\"><picture class=\"skip-lazy\" data-skip-lazy=\"1\"><img decoding=\"async\" src=\"https:\/\/www.sagrin.com\/wp-content\/uploads\/slider\/cache\/a13b241ecbe4818905b8b2fa21514e21\/READY-SEC.jpg\" alt=\"\" title=\"\" loading=\"lazy\" class=\"skip-lazy\" data-skip-lazy=\"1\"><\/picture><\/div><div data-color=\"RGBA(255,255,255,0)\" style=\"background-color: RGBA(255,255,255,0);\" class=\"n2-ss-slide-background-color\"><\/div><\/div><div class=\"n2-ss-slide-background\" data-public-id=\"4\" data-mode=\"stretch\" aria-hidden=\"true\"><div class=\"n2-ss-slide-background-image\" data-blur=\"0\" data-opacity=\"100\" data-x=\"50\" data-y=\"50\" data-alt=\"\" data-title=\"\"><picture class=\"skip-lazy\" data-skip-lazy=\"1\"><img decoding=\"async\" src=\"https:\/\/www.sagrin.com\/wp-content\/uploads\/slider\/cache\/2896e3121b3f5880cf1ea5fd8ff5cd3d\/ZIG-ZAG-ESPUMA.jpg\" alt=\"\" title=\"\" loading=\"lazy\" class=\"skip-lazy\" data-skip-lazy=\"1\"><\/picture><\/div><div data-color=\"RGBA(255,255,255,0)\" style=\"background-color: RGBA(255,255,255,0);\" class=\"n2-ss-slide-background-color\"><\/div><\/div><\/div>                    <div class=\"n2-ss-slider-4 n2-ow\">\n                        <svg xmlns=\"http:\/\/www.w3.org\/2000\/svg\" viewBox=\"0 0 2200 700\" data-related-device=\"desktopPortrait\" class=\"n2-ow n2-ss-preserve-size n2-ss-preserve-size--slider n2-ss-slide-limiter\"><\/svg><div data-first=\"1\" data-slide-duration=\"0\" data-id=\"82\" data-slide-public-id=\"1\" data-title=\"SAGRIN\" data-haslink=\"1\" data-href=\"https:\/\/www.sagrin.com\/index.php\/empresa\/\" tabindex=\"0\" role=\"button\" data-n2click=\"url\" data-force-pointer=\"\" class=\"n2-ss-slide n2-ow  n2-ss-slide-82\"><div role=\"note\" class=\"n2-ss-slide--focus\">SAGRIN<\/div><div class=\"n2-ss-layers-container n2-ss-slide-limiter n2-ow\"><div class=\"n2-ss-layer n2-ow n-uc-P8PbW0nf5IMJ\" data-sstype=\"slide\" data-pm=\"default\"><\/div><\/div><\/div><div data-slide-duration=\"0\" data-id=\"84\" data-slide-public-id=\"2\" aria-hidden=\"true\" data-title=\"ABSORBEX\" data-haslink=\"1\" data-href=\"https:\/\/www.sagrin.com\/index.php\/categoria-producto\/higiene-y-cuidado-personal\/higiene-femenina\/\" tabindex=\"0\" role=\"button\" data-n2click=\"url\" data-force-pointer=\"\" class=\"n2-ss-slide n2-ow  n2-ss-slide-84\"><div role=\"note\" class=\"n2-ss-slide--focus\">ABSORBEX<\/div><div class=\"n2-ss-layers-container n2-ss-slide-limiter n2-ow\"><div class=\"n2-ss-layer n2-ow n-uc-HJtwZIQgZdXU\" data-sstype=\"slide\" data-pm=\"default\"><\/div><\/div><\/div><div data-slide-duration=\"0\" data-id=\"83\" data-slide-public-id=\"3\" aria-hidden=\"true\" data-title=\"READY SEC\" data-haslink=\"1\" data-href=\"https:\/\/www.sagrin.com\/index.php\/categoria-producto\/higiene-y-cuidado-personal\/adultos\/\" tabindex=\"0\" role=\"button\" data-n2click=\"url\" data-force-pointer=\"\" class=\"n2-ss-slide n2-ow  n2-ss-slide-83\"><div role=\"note\" class=\"n2-ss-slide--focus\">READY SEC<\/div><div class=\"n2-ss-layers-container n2-ss-slide-limiter n2-ow\"><div class=\"n2-ss-layer n2-ow n-uc-0PhxxA9oz1Rb\" data-sstype=\"slide\" data-pm=\"default\"><\/div><\/div><\/div><div data-slide-duration=\"0\" data-id=\"81\" data-slide-public-id=\"4\" aria-hidden=\"true\" data-title=\"ZIG ZAG ESPUMA\" data-haslink=\"1\" data-href=\"https:\/\/www.sagrin.com\/index.php\/categoria-producto\/higiene-y-cuidado-personal\/algodon-1\/\" tabindex=\"0\" role=\"button\" data-n2click=\"url\" data-force-pointer=\"\" class=\"n2-ss-slide n2-ow  n2-ss-slide-81\"><div role=\"note\" class=\"n2-ss-slide--focus\">ZIG ZAG ESPUMA<\/div><div class=\"n2-ss-layers-container n2-ss-slide-limiter n2-ow\"><div class=\"n2-ss-layer n2-ow n-uc-kxh9IjInH4KV\" data-sstype=\"slide\" data-pm=\"default\"><\/div><\/div><\/div>                    <\/div>\n\n                                    <\/div>\n            <\/div>\n        <\/div>\n        <div class=\"n2-ss-slider-controls n2-ss-slider-controls-absolute-left-center\"><div style=\"--widget-offset:15px;\" class=\"n2-ss-widget nextend-arrow n2-ow-all nextend-arrow-previous  nextend-arrow-animated-fade\" data-hide-mobileportrait=\"1\" id=\"n2-ss-8-arrow-previous\" role=\"button\" aria-label=\"previous arrow\" tabindex=\"0\"><img loading=\"lazy\" decoding=\"async\" width=\"32\" height=\"32\" class=\"skip-lazy\" data-skip-lazy=\"1\" src=\"data:image\/svg+xml;base64,PHN2ZyB3aWR0aD0iMzIiIGhlaWdodD0iMzIiIHZpZXdCb3g9IjAgMCAzMiAzMiIgeG1sbnM9Imh0dHA6Ly93d3cudzMub3JnLzIwMDAvc3ZnIj4KICAgIDxwYXRoIGQ9Ik0xMS40MzMgMTUuOTkyTDIyLjY5IDUuNzEyYy4zOTMtLjM5LjM5My0xLjAzIDAtMS40Mi0uMzkzLS4zOS0xLjAzLS4zOS0xLjQyMyAwbC0xMS45OCAxMC45NGMtLjIxLjIxLS4zLjQ5LS4yODUuNzYtLjAxNS4yOC4wNzUuNTYuMjg0Ljc3bDExLjk4IDEwLjk0Yy4zOTMuMzkgMS4wMy4zOSAxLjQyNCAwIC4zOTMtLjQuMzkzLTEuMDMgMC0xLjQybC0xMS4yNTctMTAuMjkiCiAgICAgICAgICBmaWxsPSIjZmZmZmZmIiBvcGFjaXR5PSIwLjgiIGZpbGwtcnVsZT0iZXZlbm9kZCIvPgo8L3N2Zz4=\" alt=\"previous arrow\"><\/div><\/div><div class=\"n2-ss-slider-controls n2-ss-slider-controls-absolute-right-center\"><div style=\"--widget-offset:15px;\" class=\"n2-ss-widget nextend-arrow n2-ow-all nextend-arrow-next  nextend-arrow-animated-fade\" data-hide-mobileportrait=\"1\" id=\"n2-ss-8-arrow-next\" role=\"button\" aria-label=\"next arrow\" tabindex=\"0\"><img loading=\"lazy\" decoding=\"async\" width=\"32\" height=\"32\" class=\"skip-lazy\" data-skip-lazy=\"1\" src=\"data:image\/svg+xml;base64,PHN2ZyB3aWR0aD0iMzIiIGhlaWdodD0iMzIiIHZpZXdCb3g9IjAgMCAzMiAzMiIgeG1sbnM9Imh0dHA6Ly93d3cudzMub3JnLzIwMDAvc3ZnIj4KICAgIDxwYXRoIGQ9Ik0xMC43MjIgNC4yOTNjLS4zOTQtLjM5LTEuMDMyLS4zOS0xLjQyNyAwLS4zOTMuMzktLjM5MyAxLjAzIDAgMS40MmwxMS4yODMgMTAuMjgtMTEuMjgzIDEwLjI5Yy0uMzkzLjM5LS4zOTMgMS4wMiAwIDEuNDIuMzk1LjM5IDEuMDMzLjM5IDEuNDI3IDBsMTIuMDA3LTEwLjk0Yy4yMS0uMjEuMy0uNDkuMjg0LS43Ny4wMTQtLjI3LS4wNzYtLjU1LS4yODYtLjc2TDEwLjcyIDQuMjkzeiIKICAgICAgICAgIGZpbGw9IiNmZmZmZmYiIG9wYWNpdHk9IjAuOCIgZmlsbC1ydWxlPSJldmVub2RkIi8+Cjwvc3ZnPg==\" alt=\"next arrow\"><\/div><\/div><\/div><\/div><ss3-loader><\/ss3-loader><\/div><\/div><div class=\"n2_clear\"><\/div><\/div><\/ss3-force-full-width><\/div>\n<\/div>\n\n<div class=\"gb-container gb-container-a3aa36a2\">\n<div class=\"gb-container gb-container-50d23465\">\n<div class=\"gb-grid-wrapper gb-grid-wrapper-f5a90c1f\">\n<div class=\"gb-grid-column gb-grid-column-97936675\"><div class=\"gb-container gb-container-97936675\">\n\n<figure class=\"wp-block-image size-medium\"><a href=\"https:\/\/www.sagrin.com\/index.php\/categoria-producto\/cosmetica\/\"><img loading=\"lazy\" decoding=\"async\" width=\"300\" height=\"300\" src=\"https:\/\/www.sagrin.com\/wp-content\/uploads\/2024\/01\/CATEGORIA-COSMETICA-300x300.jpg\" alt=\"\" class=\"wp-image-10288\" srcset=\"https:\/\/www.sagrin.com\/wp-content\/uploads\/2024\/01\/CATEGORIA-COSMETICA-300x300.jpg 300w, https:\/\/www.sagrin.com\/wp-content\/uploads\/2024\/01\/CATEGORIA-COSMETICA-1024x1024.jpg 1024w, https:\/\/www.sagrin.com\/wp-content\/uploads\/2024\/01\/CATEGORIA-COSMETICA-150x150.jpg 150w, https:\/\/www.sagrin.com\/wp-content\/uploads\/2024\/01\/CATEGORIA-COSMETICA-768x768.jpg 768w, https:\/\/www.sagrin.com\/wp-content\/uploads\/2024\/01\/CATEGORIA-COSMETICA-600x600.jpg 600w, https:\/\/www.sagrin.com\/wp-content\/uploads\/2024\/01\/CATEGORIA-COSMETICA-160x160.jpg 160w, https:\/\/www.sagrin.com\/wp-content\/uploads\/2024\/01\/CATEGORIA-COSMETICA-200x200.jpg 200w, https:\/\/www.sagrin.com\/wp-content\/uploads\/2024\/01\/CATEGORIA-COSMETICA-500x500.jpg 500w, https:\/\/www.sagrin.com\/wp-content\/uploads\/2024\/01\/CATEGORIA-COSMETICA-100x100.jpg 100w, https:\/\/www.sagrin.com\/wp-content\/uploads\/2024\/01\/CATEGORIA-COSMETICA.jpg 1080w\" sizes=\"auto, (max-width: 300px) 100vw, 300px\" \/><\/a><\/figure>\n\n<\/div><\/div>\n\n<div class=\"gb-grid-column gb-grid-column-1325f244\"><div class=\"gb-container gb-container-1325f244\">\n\n<figure class=\"wp-block-image size-medium\"><a href=\"https:\/\/www.sagrin.com\/index.php\/categoria-producto\/higiene-y-cuidado-personal\/\"><img loading=\"lazy\" decoding=\"async\" width=\"300\" height=\"300\" src=\"https:\/\/www.sagrin.com\/wp-content\/uploads\/2024\/01\/CATEGORIA-HIGIENE-300x300.jpg\" alt=\"\" class=\"wp-image-10253\" style=\"object-fit:cover\" srcset=\"https:\/\/www.sagrin.com\/wp-content\/uploads\/2024\/01\/CATEGORIA-HIGIENE-300x300.jpg 300w, https:\/\/www.sagrin.com\/wp-content\/uploads\/2024\/01\/CATEGORIA-HIGIENE-1024x1024.jpg 1024w, https:\/\/www.sagrin.com\/wp-content\/uploads\/2024\/01\/CATEGORIA-HIGIENE-150x150.jpg 150w, https:\/\/www.sagrin.com\/wp-content\/uploads\/2024\/01\/CATEGORIA-HIGIENE-768x768.jpg 768w, https:\/\/www.sagrin.com\/wp-content\/uploads\/2024\/01\/CATEGORIA-HIGIENE-600x600.jpg 600w, https:\/\/www.sagrin.com\/wp-content\/uploads\/2024\/01\/CATEGORIA-HIGIENE-160x160.jpg 160w, https:\/\/www.sagrin.com\/wp-content\/uploads\/2024\/01\/CATEGORIA-HIGIENE-200x200.jpg 200w, https:\/\/www.sagrin.com\/wp-content\/uploads\/2024\/01\/CATEGORIA-HIGIENE-500x500.jpg 500w, https:\/\/www.sagrin.com\/wp-content\/uploads\/2024\/01\/CATEGORIA-HIGIENE-100x100.jpg 100w, https:\/\/www.sagrin.com\/wp-content\/uploads\/2024\/01\/CATEGORIA-HIGIENE.jpg 1080w\" sizes=\"auto, (max-width: 300px) 100vw, 300px\" \/><\/a><\/figure>\n\n<\/div><\/div>\n\n<div class=\"gb-grid-column gb-grid-column-eff6c36b\"><div class=\"gb-container gb-container-eff6c36b\">\n\n<figure class=\"wp-block-image size-medium\"><a href=\"https:\/\/www.sagrin.com\/index.php\/categoria-producto\/salud\/\"><img loading=\"lazy\" decoding=\"async\" width=\"300\" height=\"300\" src=\"https:\/\/www.sagrin.com\/wp-content\/uploads\/2024\/01\/CATEGORIA-SALUD-300x300.jpg\" alt=\"\" class=\"wp-image-10324\" srcset=\"https:\/\/www.sagrin.com\/wp-content\/uploads\/2024\/01\/CATEGORIA-SALUD-300x300.jpg 300w, https:\/\/www.sagrin.com\/wp-content\/uploads\/2024\/01\/CATEGORIA-SALUD-1024x1024.jpg 1024w, https:\/\/www.sagrin.com\/wp-content\/uploads\/2024\/01\/CATEGORIA-SALUD-150x150.jpg 150w, https:\/\/www.sagrin.com\/wp-content\/uploads\/2024\/01\/CATEGORIA-SALUD-768x768.jpg 768w, https:\/\/www.sagrin.com\/wp-content\/uploads\/2024\/01\/CATEGORIA-SALUD-600x600.jpg 600w, https:\/\/www.sagrin.com\/wp-content\/uploads\/2024\/01\/CATEGORIA-SALUD-160x160.jpg 160w, https:\/\/www.sagrin.com\/wp-content\/uploads\/2024\/01\/CATEGORIA-SALUD-200x200.jpg 200w, https:\/\/www.sagrin.com\/wp-content\/uploads\/2024\/01\/CATEGORIA-SALUD-500x500.jpg 500w, https:\/\/www.sagrin.com\/wp-content\/uploads\/2024\/01\/CATEGORIA-SALUD-100x100.jpg 100w, https:\/\/www.sagrin.com\/wp-content\/uploads\/2024\/01\/CATEGORIA-SALUD.jpg 1080w\" sizes=\"auto, (max-width: 300px) 100vw, 300px\" \/><\/a><\/figure>\n\n<\/div><\/div>\n<\/div>\n<\/div>\n\n<div class=\"gb-container gb-container-cb639460\">\n<div class=\"gb-grid-wrapper gb-grid-wrapper-ebfc6d97\">\n<div class=\"gb-grid-column gb-grid-column-076cbe06\"><div class=\"gb-container gb-container-076cbe06\">\n\n<figure class=\"gb-block-image gb-block-image-4881c3fb\"><img loading=\"lazy\" decoding=\"async\" width=\"1080\" height=\"1080\" class=\"gb-image gb-image-4881c3fb\" src=\"https:\/\/www.sagrin.com\/wp-content\/uploads\/2023\/10\/Somos-sagrin.jpg\" alt=\"\" title=\"Somos sagrin\" srcset=\"https:\/\/www.sagrin.com\/wp-content\/uploads\/2023\/10\/Somos-sagrin.jpg 1080w, https:\/\/www.sagrin.com\/wp-content\/uploads\/2023\/10\/Somos-sagrin-500x500.jpg 500w, https:\/\/www.sagrin.com\/wp-content\/uploads\/2023\/10\/Somos-sagrin-100x100.jpg 100w, https:\/\/www.sagrin.com\/wp-content\/uploads\/2023\/10\/Somos-sagrin-300x300.jpg 300w, https:\/\/www.sagrin.com\/wp-content\/uploads\/2023\/10\/Somos-sagrin-1024x1024.jpg 1024w, https:\/\/www.sagrin.com\/wp-content\/uploads\/2023\/10\/Somos-sagrin-150x150.jpg 150w, https:\/\/www.sagrin.com\/wp-content\/uploads\/2023\/10\/Somos-sagrin-768x768.jpg 768w, https:\/\/www.sagrin.com\/wp-content\/uploads\/2023\/10\/Somos-sagrin-600x600.jpg 600w, https:\/\/www.sagrin.com\/wp-content\/uploads\/2023\/10\/Somos-sagrin-160x160.jpg 160w, https:\/\/www.sagrin.com\/wp-content\/uploads\/2023\/10\/Somos-sagrin-200x200.jpg 200w\" sizes=\"auto, (max-width: 1080px) 100vw, 1080px\" \/><\/figure>\n\n<\/div><\/div>\n\n<div class=\"gb-grid-column gb-grid-column-922ab7f2\"><div class=\"gb-container gb-container-922ab7f2\">\n\n<h2 class=\"gb-headline gb-headline-c4946eeb gb-headline-text\">Sagrin<\/h2>\n\n\n\n<p> Somos una empresa uruguaya fundada en 1947, nos enorgullece ser fabricantes, exportadores, importadores y representantes.    <br>Con m\u00e1s de 75 a\u00f1os de trayectoria, ofrecemos productos de higiene, salud, cosm\u00e9tica e industria. <br> Nuestra misi\u00f3n es crecer junto a nuestra gente, estar en cada hogar uruguayo y ser una opci\u00f3n favorable para nuestros socios comerciales.<br> Respetamos a clientes, proveedores, empleados y accionistas.<br> Como empresa, contribuimos al crecimiento del pa\u00eds y creamos puestos de trabajo. <br> Representamos marcas internacionales en Uruguay y exportamos a pa\u00edses como Brasil, Argentina, Chile y Paraguay.<br> Nuestra historia nos respalda en nuestra calidad, trayectoria y compromiso con la sociedad.<\/p>\n\n<\/div><\/div>\n<\/div>\n<\/div>\n<\/div>","protected":false},"excerpt":{"rendered":"","protected":false},"author":7,"featured_media":0,"parent":0,"menu_order":0,"comment_status":"closed","ping_status":"closed","template":"","meta":{"footnotes":""},"class_list":["post-17","page","type-page","status-publish"],"aioseo_notices":[],"_links":{"self":[{"href":"https:\/\/www.sagrin.com\/index.php\/wp-json\/wp\/v2\/pages\/17","targetHints":{"allow":["GET"]}}],"collection":[{"href":"https:\/\/www.sagrin.com\/index.php\/wp-json\/wp\/v2\/pages"}],"about":[{"href":"https:\/\/www.sagrin.com\/index.php\/wp-json\/wp\/v2\/types\/page"}],"author":[{"embeddable":true,"href":"https:\/\/www.sagrin.com\/index.php\/wp-json\/wp\/v2\/users\/7"}],"replies":[{"embeddable":true,"href":"https:\/\/www.sagrin.com\/index.php\/wp-json\/wp\/v2\/comments?post=17"}],"version-history":[{"count":367,"href":"https:\/\/www.sagrin.com\/index.php\/wp-json\/wp\/v2\/pages\/17\/revisions"}],"predecessor-version":[{"id":15007,"href":"https:\/\/www.sagrin.com\/index.php\/wp-json\/wp\/v2\/pages\/17\/revisions\/15007"}],"wp:attachment":[{"href":"https:\/\/www.sagrin.com\/index.php\/wp-json\/wp\/v2\/media?parent=17"}],"curies":[{"name":"wp","href":"https:\/\/api.w.org\/{rel}","templated":true}]}}