{"id":4779,"date":"2023-06-13T08:57:34","date_gmt":"2023-06-13T11:57:34","guid":{"rendered":"http:\/\/10.1.8.7\/?page_id=4779"},"modified":"2024-01-27T11:58:48","modified_gmt":"2024-01-27T14:58:48","slug":"empresa","status":"publish","type":"page","link":"https:\/\/www.sagrin.com\/index.php\/empresa\/","title":{"rendered":"Empresa"},"content":{"rendered":"<div class=\"gb-container gb-container-8e5af878 alignwide\">\n\n<div class=\"wp-block-group has-contrast-color has-text-color\"><div class=\"wp-block-group__inner-container is-layout-flow wp-block-group-is-layout-flow\">\n<div class=\"wp-block-group is-vertical is-content-justification-center is-layout-flex wp-container-core-group-is-layout-4b2eccd6 wp-block-group-is-layout-flex\">\n<h1 class=\"gb-headline gb-headline-47ab2eca gb-headline-text\"> <strong>Nuestra Empresa<\/strong><\/h1>\n<\/div>\n\n\n<div class=\"gb-container gb-container-7ee3a20e\">\n\n<div class=\"wp-block-columns alignwide is-layout-flex wp-container-core-columns-is-layout-9d6595d7 wp-block-columns-is-layout-flex\">\n<div class=\"wp-block-column is-vertically-aligned-center is-layout-flow wp-block-column-is-layout-flow\" style=\"flex-basis:35%\">\n<p class=\"has-text-align-left\"> <em>Bienvenidos a Sagrin S.A.<br> Somos una empresa 100% uruguaya<br>fundada en el a\u00f1o 1947. <br> Nacimos con esp\u00edritu emprendedor e innovador.<br><br> Hoy, con m\u00e1s de 75 a\u00f1os de trayectoria, somos fabricantes, exportadores, importadores, representantes y sobre todo familia. <br><br> Cada uno de los integrantes del equipo se enorgullece de contribuir y seguir construyendo una empresa de prestigio tanto dentro como fuera de fronteras.<br><br> Nuestra amplia cartera de productos se agrupa en cuatro categor\u00edas: Higiene, Salud, Cosm\u00e9tica e Industria.<\/em><\/p>\n<\/div>\n\n\n\n<div class=\"wp-block-column is-vertically-aligned-center is-layout-flow wp-block-column-is-layout-flow\" style=\"flex-basis:65%\">\n<div style=\"height:100px\" aria-hidden=\"true\" class=\"wp-block-spacer\"><\/div>\n\n\n<div class=\"gb-container gb-container-5a64a855 alignwide\">\n\n<figure class=\"wp-block-image size-full\"><img loading=\"lazy\" decoding=\"async\" width=\"2560\" height=\"1475\" src=\"https:\/\/www.sagrin.com\/wp-content\/uploads\/2024\/01\/Sin-titulo-1-scaled.jpg\" alt=\"\" class=\"wp-image-10599\" srcset=\"https:\/\/www.sagrin.com\/wp-content\/uploads\/2024\/01\/Sin-titulo-1-scaled.jpg 2560w, https:\/\/www.sagrin.com\/wp-content\/uploads\/2024\/01\/Sin-titulo-1-300x173.jpg 300w, https:\/\/www.sagrin.com\/wp-content\/uploads\/2024\/01\/Sin-titulo-1-1024x590.jpg 1024w, https:\/\/www.sagrin.com\/wp-content\/uploads\/2024\/01\/Sin-titulo-1-768x443.jpg 768w, https:\/\/www.sagrin.com\/wp-content\/uploads\/2024\/01\/Sin-titulo-1-1536x885.jpg 1536w, https:\/\/www.sagrin.com\/wp-content\/uploads\/2024\/01\/Sin-titulo-1-2048x1180.jpg 2048w, https:\/\/www.sagrin.com\/wp-content\/uploads\/2024\/01\/Sin-titulo-1-600x346.jpg 600w, https:\/\/www.sagrin.com\/wp-content\/uploads\/2024\/01\/Sin-titulo-1-278x160.jpg 278w, https:\/\/www.sagrin.com\/wp-content\/uploads\/2024\/01\/Sin-titulo-1-200x115.jpg 200w, https:\/\/www.sagrin.com\/wp-content\/uploads\/2024\/01\/Sin-titulo-1-500x288.jpg 500w\" sizes=\"auto, (max-width: 2560px) 100vw, 2560px\" \/><\/figure>\n\n<\/div><\/div>\n<\/div>\n\n<\/div>\n\n\n<div class=\"wp-block-columns alignwide is-layout-flex wp-container-core-columns-is-layout-9d6595d7 wp-block-columns-is-layout-flex\">\n<div class=\"wp-block-column has-text-color has-link-color wp-elements-5264adac5ec016c709cca7bf9b773995 is-layout-flow wp-block-column-is-layout-flow\" style=\"color:#000000;padding-top:2em;padding-right:2em;padding-bottom:2em;padding-left:2em\">\n<h2 class=\"wp-block-heading\" id=\"single\" style=\"font-size:40px\"><strong>Misi\u00f3n<\/strong> <\/h2>\n\n\n\n<hr class=\"wp-block-separator has-text-color has-css-opacity has-background is-style-wide\" style=\"background-color:#000000;color:#000000\"\/>\n\n\n\n<ul class=\"has-normal-font-size wp-block-list\">\n<li>Ser un eficiente proveedor de bienes para el cuidado personal de las familias, apostando al crecimiento de nuestra gente<\/li>\n\n\n\n<li>Estar presentes con nuestros productos, en cada hogar y en cada uno de nuestros socios institucionales, en Uruguay y en la regi\u00f3n.<\/li>\n\n\n\n<li>Ser una opci\u00f3n favorable para nuestros clientes, apostando con la filosof\u00eda del ganar &#8211; ganar.<\/li>\n<\/ul>\n\n\n\n<div class=\"wp-block-buttons alignfull is-horizontal is-content-justification-center is-layout-flex wp-container-core-buttons-is-layout-499968f5 wp-block-buttons-is-layout-flex\"><\/div>\n<\/div>\n\n\n\n<div class=\"wp-block-column has-text-color has-link-color wp-elements-4de0d4b089826287a48e53da0aca50eb is-layout-flow wp-block-column-is-layout-flow\" style=\"color:#000000;padding-top:2em;padding-right:2em;padding-bottom:2em;padding-left:2em\">\n<h2 class=\"wp-block-heading\" id=\"patron\" style=\"font-size:40px\"><strong>Visi\u00f3n <\/strong><\/h2>\n\n\n\n<hr class=\"wp-block-separator has-text-color has-css-opacity has-background is-style-wide\" style=\"background-color:#000000;color:#000000\"\/>\n\n\n\n<ul class=\"wp-block-list\">\n<li>Queremos ser reconocidos como una empresa uruguaya exitosa, referente por su filosof\u00eda de trabajo y compromiso con la sociedad.<\/li>\n\n\n\n<li>Nuestro principio rector es el respeto por las personas: CLIENTES, PROVEEDORES, EMPLEADOS y ACCIONISTAS.<\/li>\n\n\n\n<li>Este principio ha guiado las acciones de la organizaci\u00f3n desde sus or\u00edgenes.<\/li>\n\n\n\n<li>Tenemos una visi\u00f3n de crecimiento continuo, invertimos en el desarrollo profesional y en tecnolog\u00eda para destacar en nuestro sector, demostrando compromiso con la excelencia y adaptabilidad al mercado en constante cambio.<\/li>\n<\/ul>\n\n\n\n<div class=\"wp-block-buttons alignfull is-horizontal is-content-justification-center is-layout-flex wp-container-core-buttons-is-layout-499968f5 wp-block-buttons-is-layout-flex\"><\/div>\n<\/div>\n<\/div>\n\n\n\n<p><\/p>\n<\/div><\/div>\n\n<\/div>","protected":false},"excerpt":{"rendered":"<p>Nuestra Empresa Bienvenidos a Sagrin S.A. Somos una empresa 100% uruguayafundada en el a\u00f1o 1947. Nacimos con esp\u00edritu emprendedor e innovador. Hoy, con m\u00e1s de 75 a\u00f1os de trayectoria, somos fabricantes, exportadores, importadores, representantes y sobre todo familia. Cada uno de los integrantes del equipo se enorgullece de contribuir y seguir construyendo una empresa de &#8230; <a title=\"Empresa\" class=\"read-more\" href=\"https:\/\/www.sagrin.com\/index.php\/empresa\/\" aria-label=\"Read more about Empresa\">Read more<\/a><\/p>\n","protected":false},"author":7,"featured_media":0,"parent":0,"menu_order":0,"comment_status":"closed","ping_status":"closed","template":"","meta":{"footnotes":""},"class_list":["post-4779","page","type-page","status-publish"],"aioseo_notices":[],"_links":{"self":[{"href":"https:\/\/www.sagrin.com\/index.php\/wp-json\/wp\/v2\/pages\/4779","targetHints":{"allow":["GET"]}}],"collection":[{"href":"https:\/\/www.sagrin.com\/index.php\/wp-json\/wp\/v2\/pages"}],"about":[{"href":"https:\/\/www.sagrin.com\/index.php\/wp-json\/wp\/v2\/types\/page"}],"author":[{"embeddable":true,"href":"https:\/\/www.sagrin.com\/index.php\/wp-json\/wp\/v2\/users\/7"}],"replies":[{"embeddable":true,"href":"https:\/\/www.sagrin.com\/index.php\/wp-json\/wp\/v2\/comments?post=4779"}],"version-history":[{"count":117,"href":"https:\/\/www.sagrin.com\/index.php\/wp-json\/wp\/v2\/pages\/4779\/revisions"}],"predecessor-version":[{"id":10624,"href":"https:\/\/www.sagrin.com\/index.php\/wp-json\/wp\/v2\/pages\/4779\/revisions\/10624"}],"wp:attachment":[{"href":"https:\/\/www.sagrin.com\/index.php\/wp-json\/wp\/v2\/media?parent=4779"}],"curies":[{"name":"wp","href":"https:\/\/api.w.org\/{rel}","templated":true}]}}