{"id":8575,"date":"2023-10-19T15:43:36","date_gmt":"2023-10-19T18:43:36","guid":{"rendered":"http:\/\/10.1.8.7\/?post_type=product&#038;p=8575"},"modified":"2023-11-28T09:13:30","modified_gmt":"2023-11-28T12:13:30","slug":"deep-fresh-ph-humedo-x42-un","status":"publish","type":"product","link":"https:\/\/www.sagrin.com\/index.php\/producto\/deep-fresh-ph-humedo-x42-un\/","title":{"rendered":"DEEP FRESH PH H\u00daMEDO x42 UN."},"content":{"rendered":"<p>El papel higi\u00e9nico h\u00famedo sustituye y\/o complementa el uso de papel tradicional. Apto para post operatorio y zona peri-anal sensible.<\/p>\n","protected":false},"excerpt":{"rendered":"<p>DEEP FRESH PH H\u00daMEDO x42 UN.<\/p>\n","protected":false},"featured_media":8576,"template":"","meta":[],"pwb-brand":[131],"product_brand":[],"product_cat":[671,673],"product_tag":[402,401,126,125],"class_list":{"0":"post-8575","1":"product","2":"type-product","3":"status-publish","4":"has-post-thumbnail","6":"pwb-brand-deep-fresh","7":"product_cat-papel-higiene-y-cuidado-personal","8":"product_cat-papel-higienico-papel-higiene-y-cuidado-personal","9":"product_tag-deep-fresh-2","10":"product_tag-humedo","11":"product_tag-papel-higienico","12":"product_tag-ph-3","13":"sales-flash-overlay","14":"woocommerce-text-align-center","15":"woocommerce-image-align-center","16":"do-quantity-buttons","18":"first","19":"instock","20":"shipping-taxable","21":"product-type-simple"},"aioseo_notices":[],"brands":[{"id":131,"name":"DEEP FRESH","slug":"deep-fresh"}],"_links":{"self":[{"href":"https:\/\/www.sagrin.com\/index.php\/wp-json\/wp\/v2\/product\/8575","targetHints":{"allow":["GET"]}}],"collection":[{"href":"https:\/\/www.sagrin.com\/index.php\/wp-json\/wp\/v2\/product"}],"about":[{"href":"https:\/\/www.sagrin.com\/index.php\/wp-json\/wp\/v2\/types\/product"}],"wp:featuredmedia":[{"embeddable":true,"href":"https:\/\/www.sagrin.com\/index.php\/wp-json\/wp\/v2\/media\/8576"}],"wp:attachment":[{"href":"https:\/\/www.sagrin.com\/index.php\/wp-json\/wp\/v2\/media?parent=8575"}],"wp:term":[{"taxonomy":"pwb-brand","embeddable":true,"href":"https:\/\/www.sagrin.com\/index.php\/wp-json\/wp\/v2\/pwb-brand?post=8575"},{"taxonomy":"product_brand","embeddable":true,"href":"https:\/\/www.sagrin.com\/index.php\/wp-json\/wp\/v2\/product_brand?post=8575"},{"taxonomy":"product_cat","embeddable":true,"href":"https:\/\/www.sagrin.com\/index.php\/wp-json\/wp\/v2\/product_cat?post=8575"},{"taxonomy":"product_tag","embeddable":true,"href":"https:\/\/www.sagrin.com\/index.php\/wp-json\/wp\/v2\/product_tag?post=8575"}],"curies":[{"name":"wp","href":"https:\/\/api.w.org\/{rel}","templated":true}]}}