{"id":8676,"date":"2023-10-24T09:47:53","date_gmt":"2023-10-24T12:47:53","guid":{"rendered":"http:\/\/10.1.8.7\/?post_type=product&#038;p=8676"},"modified":"2023-11-27T10:19:25","modified_gmt":"2023-11-27T13:19:25","slug":"rbx-set-coloracion-castano-oscuro-3","status":"publish","type":"product","link":"https:\/\/www.sagrin.com\/index.php\/producto\/rbx-set-coloracion-castano-oscuro-3\/","title":{"rendered":"RBX SET COLORACI\u00d3N CASTA\u00d1O OSCURO 3"},"content":{"rendered":"","protected":false},"excerpt":{"rendered":"<p>RBX SET COLORACI\u00d3N CASTA\u00d1O OSCURO 3<\/p>\n","protected":false},"featured_media":8677,"template":"","meta":[],"pwb-brand":[434],"product_brand":[],"product_cat":[623,428],"product_tag":[437,435,436],"class_list":{"0":"post-8676","1":"product","2":"type-product","3":"status-publish","4":"has-post-thumbnail","6":"pwb-brand-rbx","7":"product_cat-roubaix","8":"product_cat-tintas-y-oxidantes","9":"product_tag-castano-oscuro","10":"product_tag-rbx-2","11":"product_tag-set-coloracion","12":"sales-flash-overlay","13":"woocommerce-text-align-center","14":"woocommerce-image-align-center","15":"do-quantity-buttons","17":"first","18":"instock","19":"shipping-taxable","20":"product-type-simple"},"aioseo_notices":[],"brands":[{"id":434,"name":"RBX","slug":"rbx"}],"_links":{"self":[{"href":"https:\/\/www.sagrin.com\/index.php\/wp-json\/wp\/v2\/product\/8676","targetHints":{"allow":["GET"]}}],"collection":[{"href":"https:\/\/www.sagrin.com\/index.php\/wp-json\/wp\/v2\/product"}],"about":[{"href":"https:\/\/www.sagrin.com\/index.php\/wp-json\/wp\/v2\/types\/product"}],"wp:featuredmedia":[{"embeddable":true,"href":"https:\/\/www.sagrin.com\/index.php\/wp-json\/wp\/v2\/media\/8677"}],"wp:attachment":[{"href":"https:\/\/www.sagrin.com\/index.php\/wp-json\/wp\/v2\/media?parent=8676"}],"wp:term":[{"taxonomy":"pwb-brand","embeddable":true,"href":"https:\/\/www.sagrin.com\/index.php\/wp-json\/wp\/v2\/pwb-brand?post=8676"},{"taxonomy":"product_brand","embeddable":true,"href":"https:\/\/www.sagrin.com\/index.php\/wp-json\/wp\/v2\/product_brand?post=8676"},{"taxonomy":"product_cat","embeddable":true,"href":"https:\/\/www.sagrin.com\/index.php\/wp-json\/wp\/v2\/product_cat?post=8676"},{"taxonomy":"product_tag","embeddable":true,"href":"https:\/\/www.sagrin.com\/index.php\/wp-json\/wp\/v2\/product_tag?post=8676"}],"curies":[{"name":"wp","href":"https:\/\/api.w.org\/{rel}","templated":true}]}}